{"id":1415,"date":"2017-09-16T14:06:07","date_gmt":"2017-09-16T12:06:07","guid":{"rendered":"http:\/\/www.auc.systems\/partner\/"},"modified":"2025-03-24T11:16:59","modified_gmt":"2025-03-24T10:16:59","slug":"partneri","status":"publish","type":"page","link":"https:\/\/www.auc.systems\/hr\/partneri\/","title":{"rendered":"Partner"},"content":{"rendered":"<div id=\"cs-content\" class=\"cs-content\"><\/div>\n","protected":false},"excerpt":{"rendered":"<p>Od na\u0161eg utemeljenja 1978. godine, u A&amp;C koristimo alate i proizvode ABB-a. Po\u010detkom 1990-ih godina smo u na\u0161 portfolio automatizacijskih alata dodali ABB-ove sustave za upravljanje procesima (MP200, Advant, 800xA). Zapo\u010deli smo kao ABB Channel Partner, a 2012. postali smo prva tvrtka u Austriji koja je postala ABB Authorized Value Provider za Control Systems &#8211; 800xA A&#038;C sura\u0111uje s tvrtkom &#8230; <\/p>\n<div><a href=\"https:\/\/www.auc.systems\/hr\/partneri\/\" class=\"more-link\">Read More<\/a><\/div>\n","protected":false},"author":1,"featured_media":0,"parent":0,"menu_order":0,"comment_status":"closed","ping_status":"closed","template":"template-blank-4.php","meta":{"footnotes":""},"class_list":["post-1415","page","type-page","status-publish","hentry","no-post-thumbnail"],"yoast_head":"<!-- This site is optimized with the Yoast SEO plugin v26.8 - https:\/\/yoast.com\/product\/yoast-seo-wordpress\/ -->\n<title>Partner - A&amp;C AUTOMATIONSSYSTEME &amp; CONSULTING GMBH<\/title>\n<meta name=\"description\" content=\"A&amp;C works together with known industry partners in the field of automations and is certified partner of ABB, Eplan, MonkeyWorks and Siemens.\" \/>\n<meta name=\"robots\" content=\"index, follow, max-snippet:-1, max-image-preview:large, max-video-preview:-1\" \/>\n<link rel=\"canonical\" href=\"https:\/\/www.auc.systems\/partner\/\" \/>\n<meta property=\"og:locale\" content=\"hr_HR\" \/>\n<meta property=\"og:type\" content=\"article\" \/>\n<meta property=\"og:title\" content=\"Partner - A&amp;C AUTOMATIONSSYSTEME &amp; CONSULTING GMBH\" \/>\n<meta property=\"og:description\" content=\"A&amp;C works together with known industry partners in the field of automations and is certified partner of ABB, Eplan, MonkeyWorks and Siemens.\" \/>\n<meta property=\"og:url\" content=\"https:\/\/www.auc.systems\/partner\/\" \/>\n<meta property=\"og:site_name\" content=\"A&amp;C AUTOMATIONSSYSTEME &amp; CONSULTING GMBH\" \/>\n<meta property=\"article:publisher\" content=\"https:\/\/www.facebook.com\/profile.php?id=100090593565926\" \/>\n<meta property=\"article:modified_time\" content=\"2025-03-24T10:16:59+00:00\" \/>\n<meta name=\"twitter:card\" content=\"summary_large_image\" \/>\n<meta name=\"twitter:label1\" content=\"Est. reading time\" \/>\n\t<meta name=\"twitter:data1\" content=\"4 minutes\" \/>\n<script type=\"application\/ld+json\" class=\"yoast-schema-graph\">{\"@context\":\"https:\/\/schema.org\",\"@graph\":[{\"@type\":\"WebPage\",\"@id\":\"https:\/\/www.auc.systems\/partner\/\",\"url\":\"https:\/\/www.auc.systems\/partner\/\",\"name\":\"Partner - A&amp;C AUTOMATIONSSYSTEME &amp; CONSULTING GMBH\",\"isPartOf\":{\"@id\":\"https:\/\/www.auc.systems\/#website\"},\"datePublished\":\"2017-09-16T12:06:07+00:00\",\"dateModified\":\"2025-03-24T10:16:59+00:00\",\"description\":\"A&C works together with known industry partners in the field of automations and is certified partner of ABB, Eplan, MonkeyWorks and Siemens.\",\"breadcrumb\":{\"@id\":\"https:\/\/www.auc.systems\/partner\/#breadcrumb\"},\"inLanguage\":\"hr-HR\",\"potentialAction\":[{\"@type\":\"ReadAction\",\"target\":[\"https:\/\/www.auc.systems\/partner\/\"]}]},{\"@type\":\"BreadcrumbList\",\"@id\":\"https:\/\/www.auc.systems\/partner\/#breadcrumb\",\"itemListElement\":[{\"@type\":\"ListItem\",\"position\":1,\"name\":\"Startseite\",\"item\":\"https:\/\/www.auc.systems\/\"},{\"@type\":\"ListItem\",\"position\":2,\"name\":\"Partner\"}]},{\"@type\":\"WebSite\",\"@id\":\"https:\/\/www.auc.systems\/#website\",\"url\":\"https:\/\/www.auc.systems\/\",\"name\":\"A&C Automationssysteme & Consulting GmbH\",\"description\":\"THE PREMIUM SOLUTION PROVIDER FOR INDUSTRIAL AUTOMATION\",\"potentialAction\":[{\"@type\":\"SearchAction\",\"target\":{\"@type\":\"EntryPoint\",\"urlTemplate\":\"https:\/\/www.auc.systems\/?s={search_term_string}\"},\"query-input\":{\"@type\":\"PropertyValueSpecification\",\"valueRequired\":true,\"valueName\":\"search_term_string\"}}],\"inLanguage\":\"hr-HR\"}]}<\/script>\n<!-- \/ Yoast SEO plugin. -->","yoast_head_json":{"title":"Partner - A&amp;C AUTOMATIONSSYSTEME &amp; CONSULTING GMBH","description":"A&C works together with known industry partners in the field of automations and is certified partner of ABB, Eplan, MonkeyWorks and Siemens.","robots":{"index":"index","follow":"follow","max-snippet":"max-snippet:-1","max-image-preview":"max-image-preview:large","max-video-preview":"max-video-preview:-1"},"canonical":"https:\/\/www.auc.systems\/partner\/","og_locale":"hr_HR","og_type":"article","og_title":"Partner - A&amp;C AUTOMATIONSSYSTEME &amp; CONSULTING GMBH","og_description":"A&C works together with known industry partners in the field of automations and is certified partner of ABB, Eplan, MonkeyWorks and Siemens.","og_url":"https:\/\/www.auc.systems\/partner\/","og_site_name":"A&amp;C AUTOMATIONSSYSTEME &amp; CONSULTING GMBH","article_publisher":"https:\/\/www.facebook.com\/profile.php?id=100090593565926","article_modified_time":"2025-03-24T10:16:59+00:00","twitter_card":"summary_large_image","twitter_misc":{"Est. reading time":"4 minutes"},"schema":{"@context":"https:\/\/schema.org","@graph":[{"@type":"WebPage","@id":"https:\/\/www.auc.systems\/partner\/","url":"https:\/\/www.auc.systems\/partner\/","name":"Partner - A&amp;C AUTOMATIONSSYSTEME &amp; CONSULTING GMBH","isPartOf":{"@id":"https:\/\/www.auc.systems\/#website"},"datePublished":"2017-09-16T12:06:07+00:00","dateModified":"2025-03-24T10:16:59+00:00","description":"A&C works together with known industry partners in the field of automations and is certified partner of ABB, Eplan, MonkeyWorks and Siemens.","breadcrumb":{"@id":"https:\/\/www.auc.systems\/partner\/#breadcrumb"},"inLanguage":"hr-HR","potentialAction":[{"@type":"ReadAction","target":["https:\/\/www.auc.systems\/partner\/"]}]},{"@type":"BreadcrumbList","@id":"https:\/\/www.auc.systems\/partner\/#breadcrumb","itemListElement":[{"@type":"ListItem","position":1,"name":"Startseite","item":"https:\/\/www.auc.systems\/"},{"@type":"ListItem","position":2,"name":"Partner"}]},{"@type":"WebSite","@id":"https:\/\/www.auc.systems\/#website","url":"https:\/\/www.auc.systems\/","name":"A&C Automationssysteme & Consulting GmbH","description":"THE PREMIUM SOLUTION PROVIDER FOR INDUSTRIAL AUTOMATION","potentialAction":[{"@type":"SearchAction","target":{"@type":"EntryPoint","urlTemplate":"https:\/\/www.auc.systems\/?s={search_term_string}"},"query-input":{"@type":"PropertyValueSpecification","valueRequired":true,"valueName":"search_term_string"}}],"inLanguage":"hr-HR"}]}},"_links":{"self":[{"href":"https:\/\/www.auc.systems\/hr\/wp-json\/wp\/v2\/pages\/1415","targetHints":{"allow":["GET"]}}],"collection":[{"href":"https:\/\/www.auc.systems\/hr\/wp-json\/wp\/v2\/pages"}],"about":[{"href":"https:\/\/www.auc.systems\/hr\/wp-json\/wp\/v2\/types\/page"}],"author":[{"embeddable":true,"href":"https:\/\/www.auc.systems\/hr\/wp-json\/wp\/v2\/users\/1"}],"replies":[{"embeddable":true,"href":"https:\/\/www.auc.systems\/hr\/wp-json\/wp\/v2\/comments?post=1415"}],"version-history":[{"count":30,"href":"https:\/\/www.auc.systems\/hr\/wp-json\/wp\/v2\/pages\/1415\/revisions"}],"predecessor-version":[{"id":4454,"href":"https:\/\/www.auc.systems\/hr\/wp-json\/wp\/v2\/pages\/1415\/revisions\/4454"}],"wp:attachment":[{"href":"https:\/\/www.auc.systems\/hr\/wp-json\/wp\/v2\/media?parent=1415"}],"curies":[{"name":"wp","href":"https:\/\/api.w.org\/{rel}","templated":true}]}}