{"id":3162,"date":"2023-01-31T13:13:14","date_gmt":"2023-01-31T12:13:14","guid":{"rendered":"https:\/\/www.auc.systems\/?page_id=3162"},"modified":"2025-05-19T11:42:12","modified_gmt":"2025-05-19T09:42:12","slug":"vista","status":"publish","type":"page","link":"https:\/\/www.auc.systems\/en\/vista\/","title":{"rendered":"VISTA"},"content":{"rendered":"<div id=\"cs-content\" class=\"cs-content\"><\/div>\n","protected":false},"excerpt":{"rendered":"<p>AC VISTA GmbH Contact: Alpenstrasse 99, 5020 Salzburg Email: office_vista@auc.systems Phone: +43 662 82 38 88 &#8211; 0Using the VISTA LENS INSPECTION SYSTEM, the fully automatic detection and classification of cosmetic defects on spectacle lenses is now possible for the first time. Consequently, the manual inspection of such lenses has become obsolete. The VISTA measuring system, developed by AC VISTA &#8230; <\/p>\n<div><a href=\"https:\/\/www.auc.systems\/en\/vista\/\" class=\"more-link\">Read More<\/a><\/div>\n","protected":false},"author":2,"featured_media":0,"parent":0,"menu_order":0,"comment_status":"closed","ping_status":"closed","template":"template-blank-4.php","meta":{"footnotes":""},"class_list":["post-3162","page","type-page","status-publish","hentry","no-post-thumbnail"],"yoast_head":"<!-- This site is optimized with the Yoast SEO plugin v26.8 - https:\/\/yoast.com\/product\/yoast-seo-wordpress\/ -->\n<title>VISTA - A&amp;C AUTOMATIONSSYSTEME &amp; CONSULTING GMBH<\/title>\n<meta name=\"description\" content=\"Mit dem VISTA LENS INSPECTION SYSTEM ist erstmals eine vollautomatische Erkennung und Klassifikation von kosmetischen Fehlern auf Brillengl\u00e4sern m\u00f6glich. Die manuelle Kontrolle von Brillengl\u00e4sern geh\u00f6rt damit der Vergangenheit an.\" \/>\n<meta name=\"robots\" content=\"index, follow, max-snippet:-1, max-image-preview:large, max-video-preview:-1\" \/>\n<link rel=\"canonical\" href=\"https:\/\/www.auc.systems\/vista\/\" \/>\n<meta property=\"og:locale\" content=\"en_US\" \/>\n<meta property=\"og:type\" content=\"article\" \/>\n<meta property=\"og:title\" content=\"VISTA - A&amp;C AUTOMATIONSSYSTEME &amp; CONSULTING GMBH\" \/>\n<meta property=\"og:description\" content=\"Mit dem VISTA LENS INSPECTION SYSTEM ist erstmals eine vollautomatische Erkennung und Klassifikation von kosmetischen Fehlern auf Brillengl\u00e4sern m\u00f6glich. Die manuelle Kontrolle von Brillengl\u00e4sern geh\u00f6rt damit der Vergangenheit an.\" \/>\n<meta property=\"og:url\" content=\"https:\/\/www.auc.systems\/vista\/\" \/>\n<meta property=\"og:site_name\" content=\"A&amp;C AUTOMATIONSSYSTEME &amp; CONSULTING GMBH\" \/>\n<meta property=\"article:publisher\" content=\"https:\/\/www.facebook.com\/profile.php?id=100090593565926\" \/>\n<meta property=\"article:modified_time\" content=\"2025-05-19T09:42:12+00:00\" \/>\n<meta property=\"og:image\" content=\"https:\/\/www.auc.systems\/wp-content\/uploads\/2023\/09\/VISTA_Logo_sw-300x226.png\" \/>\n<meta name=\"twitter:card\" content=\"summary_large_image\" \/>\n<meta name=\"twitter:label1\" content=\"Est. reading time\" \/>\n\t<meta name=\"twitter:data1\" content=\"5 minutes\" \/>\n<script type=\"application\/ld+json\" class=\"yoast-schema-graph\">{\"@context\":\"https:\/\/schema.org\",\"@graph\":[{\"@type\":\"WebPage\",\"@id\":\"https:\/\/www.auc.systems\/vista\/\",\"url\":\"https:\/\/www.auc.systems\/vista\/\",\"name\":\"VISTA - A&amp;C AUTOMATIONSSYSTEME &amp; CONSULTING GMBH\",\"isPartOf\":{\"@id\":\"https:\/\/www.auc.systems\/#website\"},\"primaryImageOfPage\":{\"@id\":\"https:\/\/www.auc.systems\/vista\/#primaryimage\"},\"image\":{\"@id\":\"https:\/\/www.auc.systems\/vista\/#primaryimage\"},\"thumbnailUrl\":\"https:\/\/www.auc.systems\/wp-content\/uploads\/2023\/09\/VISTA_Logo_sw-300x226.png\",\"datePublished\":\"2023-01-31T12:13:14+00:00\",\"dateModified\":\"2025-05-19T09:42:12+00:00\",\"description\":\"Mit dem VISTA LENS INSPECTION SYSTEM ist erstmals eine vollautomatische Erkennung und Klassifikation von kosmetischen Fehlern auf Brillengl\u00e4sern m\u00f6glich. Die manuelle Kontrolle von Brillengl\u00e4sern geh\u00f6rt damit der Vergangenheit an.\",\"breadcrumb\":{\"@id\":\"https:\/\/www.auc.systems\/vista\/#breadcrumb\"},\"inLanguage\":\"en-US\",\"potentialAction\":[{\"@type\":\"ReadAction\",\"target\":[\"https:\/\/www.auc.systems\/vista\/\"]}]},{\"@type\":\"ImageObject\",\"inLanguage\":\"en-US\",\"@id\":\"https:\/\/www.auc.systems\/vista\/#primaryimage\",\"url\":\"https:\/\/www.auc.systems\/wp-content\/uploads\/2023\/09\/VISTA_Logo_sw-300x226.png\",\"contentUrl\":\"https:\/\/www.auc.systems\/wp-content\/uploads\/2023\/09\/VISTA_Logo_sw-300x226.png\"},{\"@type\":\"BreadcrumbList\",\"@id\":\"https:\/\/www.auc.systems\/vista\/#breadcrumb\",\"itemListElement\":[{\"@type\":\"ListItem\",\"position\":1,\"name\":\"Startseite\",\"item\":\"https:\/\/www.auc.systems\/\"},{\"@type\":\"ListItem\",\"position\":2,\"name\":\"VISTA\"}]},{\"@type\":\"WebSite\",\"@id\":\"https:\/\/www.auc.systems\/#website\",\"url\":\"https:\/\/www.auc.systems\/\",\"name\":\"A&C Automationssysteme & Consulting GmbH\",\"description\":\"THE PREMIUM SOLUTION PROVIDER FOR INDUSTRIAL AUTOMATION\",\"potentialAction\":[{\"@type\":\"SearchAction\",\"target\":{\"@type\":\"EntryPoint\",\"urlTemplate\":\"https:\/\/www.auc.systems\/?s={search_term_string}\"},\"query-input\":{\"@type\":\"PropertyValueSpecification\",\"valueRequired\":true,\"valueName\":\"search_term_string\"}}],\"inLanguage\":\"en-US\"}]}<\/script>\n<!-- \/ Yoast SEO plugin. -->","yoast_head_json":{"title":"VISTA - A&amp;C AUTOMATIONSSYSTEME &amp; CONSULTING GMBH","description":"Mit dem VISTA LENS INSPECTION SYSTEM ist erstmals eine vollautomatische Erkennung und Klassifikation von kosmetischen Fehlern auf Brillengl\u00e4sern m\u00f6glich. Die manuelle Kontrolle von Brillengl\u00e4sern geh\u00f6rt damit der Vergangenheit an.","robots":{"index":"index","follow":"follow","max-snippet":"max-snippet:-1","max-image-preview":"max-image-preview:large","max-video-preview":"max-video-preview:-1"},"canonical":"https:\/\/www.auc.systems\/vista\/","og_locale":"en_US","og_type":"article","og_title":"VISTA - A&amp;C AUTOMATIONSSYSTEME &amp; CONSULTING GMBH","og_description":"Mit dem VISTA LENS INSPECTION SYSTEM ist erstmals eine vollautomatische Erkennung und Klassifikation von kosmetischen Fehlern auf Brillengl\u00e4sern m\u00f6glich. Die manuelle Kontrolle von Brillengl\u00e4sern geh\u00f6rt damit der Vergangenheit an.","og_url":"https:\/\/www.auc.systems\/vista\/","og_site_name":"A&amp;C AUTOMATIONSSYSTEME &amp; CONSULTING GMBH","article_publisher":"https:\/\/www.facebook.com\/profile.php?id=100090593565926","article_modified_time":"2025-05-19T09:42:12+00:00","og_image":[{"url":"https:\/\/www.auc.systems\/wp-content\/uploads\/2023\/09\/VISTA_Logo_sw-300x226.png","type":"","width":"","height":""}],"twitter_card":"summary_large_image","twitter_misc":{"Est. reading time":"5 minutes"},"schema":{"@context":"https:\/\/schema.org","@graph":[{"@type":"WebPage","@id":"https:\/\/www.auc.systems\/vista\/","url":"https:\/\/www.auc.systems\/vista\/","name":"VISTA - A&amp;C AUTOMATIONSSYSTEME &amp; CONSULTING GMBH","isPartOf":{"@id":"https:\/\/www.auc.systems\/#website"},"primaryImageOfPage":{"@id":"https:\/\/www.auc.systems\/vista\/#primaryimage"},"image":{"@id":"https:\/\/www.auc.systems\/vista\/#primaryimage"},"thumbnailUrl":"https:\/\/www.auc.systems\/wp-content\/uploads\/2023\/09\/VISTA_Logo_sw-300x226.png","datePublished":"2023-01-31T12:13:14+00:00","dateModified":"2025-05-19T09:42:12+00:00","description":"Mit dem VISTA LENS INSPECTION SYSTEM ist erstmals eine vollautomatische Erkennung und Klassifikation von kosmetischen Fehlern auf Brillengl\u00e4sern m\u00f6glich. Die manuelle Kontrolle von Brillengl\u00e4sern geh\u00f6rt damit der Vergangenheit an.","breadcrumb":{"@id":"https:\/\/www.auc.systems\/vista\/#breadcrumb"},"inLanguage":"en-US","potentialAction":[{"@type":"ReadAction","target":["https:\/\/www.auc.systems\/vista\/"]}]},{"@type":"ImageObject","inLanguage":"en-US","@id":"https:\/\/www.auc.systems\/vista\/#primaryimage","url":"https:\/\/www.auc.systems\/wp-content\/uploads\/2023\/09\/VISTA_Logo_sw-300x226.png","contentUrl":"https:\/\/www.auc.systems\/wp-content\/uploads\/2023\/09\/VISTA_Logo_sw-300x226.png"},{"@type":"BreadcrumbList","@id":"https:\/\/www.auc.systems\/vista\/#breadcrumb","itemListElement":[{"@type":"ListItem","position":1,"name":"Startseite","item":"https:\/\/www.auc.systems\/"},{"@type":"ListItem","position":2,"name":"VISTA"}]},{"@type":"WebSite","@id":"https:\/\/www.auc.systems\/#website","url":"https:\/\/www.auc.systems\/","name":"A&C Automationssysteme & Consulting GmbH","description":"THE PREMIUM SOLUTION PROVIDER FOR INDUSTRIAL AUTOMATION","potentialAction":[{"@type":"SearchAction","target":{"@type":"EntryPoint","urlTemplate":"https:\/\/www.auc.systems\/?s={search_term_string}"},"query-input":{"@type":"PropertyValueSpecification","valueRequired":true,"valueName":"search_term_string"}}],"inLanguage":"en-US"}]}},"_links":{"self":[{"href":"https:\/\/www.auc.systems\/en\/wp-json\/wp\/v2\/pages\/3162","targetHints":{"allow":["GET"]}}],"collection":[{"href":"https:\/\/www.auc.systems\/en\/wp-json\/wp\/v2\/pages"}],"about":[{"href":"https:\/\/www.auc.systems\/en\/wp-json\/wp\/v2\/types\/page"}],"author":[{"embeddable":true,"href":"https:\/\/www.auc.systems\/en\/wp-json\/wp\/v2\/users\/2"}],"replies":[{"embeddable":true,"href":"https:\/\/www.auc.systems\/en\/wp-json\/wp\/v2\/comments?post=3162"}],"version-history":[{"count":40,"href":"https:\/\/www.auc.systems\/en\/wp-json\/wp\/v2\/pages\/3162\/revisions"}],"predecessor-version":[{"id":4510,"href":"https:\/\/www.auc.systems\/en\/wp-json\/wp\/v2\/pages\/3162\/revisions\/4510"}],"wp:attachment":[{"href":"https:\/\/www.auc.systems\/en\/wp-json\/wp\/v2\/media?parent=3162"}],"curies":[{"name":"wp","href":"https:\/\/api.w.org\/{rel}","templated":true}]}}